{"id":1227,"date":"2025-01-28T18:03:57","date_gmt":"2025-01-28T17:03:57","guid":{"rendered":"https:\/\/www.bytetravel.com\/?page_id=1227"},"modified":"2025-01-28T18:03:57","modified_gmt":"2025-01-28T17:03:57","slug":"denuncias","status":"publish","type":"page","link":"https:\/\/www.bytetravel.com\/en\/denuncias\/","title":{"rendered":"Denuncias"},"content":{"rendered":"<h2 style=\"color: #182744; font-size: 36px; padding-top: 50px; text-align:center\">Canal de comunicaciones an\u00f3nimas de Bytetravel S.A<\/h2>\n<p style=\"color: #333; font-size: 16px; text-align: center; padding: 0 50px 50px;\">Si ha detectado alguna actuaci\u00f3n negligente en el \u00e1mbito de la organizaci\u00f3n y tiene pruebas,<br> desde aqu\u00ed lo puede comunicar de forma totalmente an\u00f3nima y segura.<\/p>\n<div style=\"display: flex; padding-bottom: 60px; justify-content: center; gap: 20px;\">\n    <div style=\"border: 1px solid #ddd; border-radius: 8px; padding: 30px; max-width: 400px; text-align: center; box-shadow: 0 2px 5px rgba(0, 0, 0, 0.1);\">\n        <h5 style=\"font-size: 21px; color: #333; margin-bottom: 12px;\">Comunicar problema<\/h5>\n        <p style=\"font-size: 14px; color: #555;\">Informe cualquier acci\u00f3n que considere contraria al C\u00f3digo de \u00c9tica y Conducta<\/p>\n        <a href=\"https:\/\/bytetravel.canaldenunciasanonimas.com\/newcom\" style=\"display: inline-block; margin-top: 16px; padding: 10px 20px; background-color: #007bff; color: #fff; text-decoration: none; border-radius: 4px;\">Comunicar problema<\/a>\n    <\/div>\n\n    <div style=\"border: 1px solid #ddd; border-radius: 8px; padding: 30px; max-width: 400px; text-align: center; box-shadow: 0 2px 5px rgba(0, 0, 0, 0.1);\">\n        <h5 style=\"font-size: 21px; color: #333; margin-bottom: 12px;\">Estado de incidencia<\/h5>\n        <p style=\"font-size: 14px; color: #555;\">Si ha realizado una comunicaci\u00f3n, indique el identificador de la misma y consulta<\/p>\n        <a href=\"https:\/\/bytetravel.canaldenunciasanonimas.com\/concom\" style=\"display: inline-block; margin-top: 16px; padding: 10px 20px; background-color: #007bff; color: #fff; text-decoration: none; border-radius: 4px;\">Consultar estado<\/a>\n    <\/div>\n<\/div>","protected":false},"excerpt":{"rendered":"<p>Canal de comunicaciones an\u00f3nimas de Bytetravel S.A Si ha detectado alguna actuaci\u00f3n negligente en el \u00e1mbito de la organizaci\u00f3n y tiene pruebas, desde aqu\u00ed lo puede comunicar de forma totalmente an\u00f3nima y segura. Comunicar problema Informe cualquier acci\u00f3n que considere contraria al C\u00f3digo de \u00c9tica y Conducta Comunicar problema Estado de incidencia Si ha realizado [&hellip;]<\/p>","protected":false},"author":8,"featured_media":0,"parent":0,"menu_order":0,"comment_status":"closed","ping_status":"closed","template":"","meta":{"_acf_changed":false,"inline_featured_image":false,"footnotes":""},"class_list":["post-1227","page","type-page","status-publish","hentry"],"acf":[],"yoast_head":"<!-- This site is optimized with the Yoast SEO plugin v23.0 - https:\/\/yoast.com\/wordpress\/plugins\/seo\/ -->\n<title>Denuncias - ByteTravel<\/title>\n<meta name=\"robots\" content=\"index, follow, max-snippet:-1, max-image-preview:large, max-video-preview:-1\" \/>\n<link rel=\"canonical\" href=\"https:\/\/www.bytetravel.com\/en\/denuncias\/\" \/>\n<meta property=\"og:locale\" content=\"en_GB\" \/>\n<meta property=\"og:type\" content=\"article\" \/>\n<meta property=\"og:title\" content=\"Denuncias - ByteTravel\" \/>\n<meta property=\"og:description\" content=\"Canal de comunicaciones an\u00f3nimas de Bytetravel S.A Si ha detectado alguna actuaci\u00f3n negligente en el \u00e1mbito de la organizaci\u00f3n y tiene pruebas, desde aqu\u00ed lo puede comunicar de forma totalmente an\u00f3nima y segura. Comunicar problema Informe cualquier acci\u00f3n que considere contraria al C\u00f3digo de \u00c9tica y Conducta Comunicar problema Estado de incidencia Si ha realizado [&hellip;]\" \/>\n<meta property=\"og:url\" content=\"https:\/\/www.bytetravel.com\/en\/denuncias\/\" \/>\n<meta property=\"og:site_name\" content=\"ByteTravel\" \/>\n<meta property=\"article:publisher\" content=\"https:\/\/www.facebook.com\/ByteTravel\" \/>\n<meta name=\"twitter:card\" content=\"summary_large_image\" \/>\n<meta name=\"twitter:site\" content=\"@ByteTravelSA\" \/>\n<script type=\"application\/ld+json\" class=\"yoast-schema-graph\">{\"@context\":\"https:\/\/schema.org\",\"@graph\":[{\"@type\":\"WebPage\",\"@id\":\"https:\/\/www.bytetravel.com\/denuncias\/\",\"url\":\"https:\/\/www.bytetravel.com\/denuncias\/\",\"name\":\"Denuncias - ByteTravel\",\"isPartOf\":{\"@id\":\"https:\/\/www.bytetravel.com\/#website\"},\"datePublished\":\"2025-01-28T17:03:57+00:00\",\"dateModified\":\"2025-01-28T17:03:57+00:00\",\"breadcrumb\":{\"@id\":\"https:\/\/www.bytetravel.com\/denuncias\/#breadcrumb\"},\"inLanguage\":\"en-GB\",\"potentialAction\":[{\"@type\":\"ReadAction\",\"target\":[\"https:\/\/www.bytetravel.com\/denuncias\/\"]}]},{\"@type\":\"BreadcrumbList\",\"@id\":\"https:\/\/www.bytetravel.com\/denuncias\/#breadcrumb\",\"itemListElement\":[{\"@type\":\"ListItem\",\"position\":1,\"name\":\"Portada\",\"item\":\"https:\/\/www.bytetravel.com\/\"},{\"@type\":\"ListItem\",\"position\":2,\"name\":\"Denuncias\"}]},{\"@type\":\"WebSite\",\"@id\":\"https:\/\/www.bytetravel.com\/#website\",\"url\":\"https:\/\/www.bytetravel.com\/\",\"name\":\"ByteTravel\",\"description\":\"\",\"publisher\":{\"@id\":\"https:\/\/www.bytetravel.com\/#organization\"},\"potentialAction\":[{\"@type\":\"SearchAction\",\"target\":{\"@type\":\"EntryPoint\",\"urlTemplate\":\"https:\/\/www.bytetravel.com\/?s={search_term_string}\"},\"query-input\":\"required name=search_term_string\"}],\"inLanguage\":\"en-GB\"},{\"@type\":\"Organization\",\"@id\":\"https:\/\/www.bytetravel.com\/#organization\",\"name\":\"ByteTravel S.A.\",\"url\":\"https:\/\/www.bytetravel.com\/\",\"logo\":{\"@type\":\"ImageObject\",\"inLanguage\":\"en-GB\",\"@id\":\"https:\/\/www.bytetravel.com\/#\/schema\/logo\/image\/\",\"url\":\"https:\/\/www.bytetravel.com\/wp-content\/uploads\/2024\/07\/bytetravel-logo_icon-dark-blue-bg.png\",\"contentUrl\":\"https:\/\/www.bytetravel.com\/wp-content\/uploads\/2024\/07\/bytetravel-logo_icon-dark-blue-bg.png\",\"width\":1000,\"height\":1000,\"caption\":\"ByteTravel S.A.\"},\"image\":{\"@id\":\"https:\/\/www.bytetravel.com\/#\/schema\/logo\/image\/\"},\"sameAs\":[\"https:\/\/www.facebook.com\/ByteTravel\",\"https:\/\/x.com\/ByteTravelSA\",\"https:\/\/www.linkedin.com\/company\/bytetravel\",\"https:\/\/www.instagram.com\/byte.travel\/\"]}]}<\/script>\n<!-- \/ Yoast SEO plugin. -->","yoast_head_json":{"title":"Denuncias - ByteTravel","robots":{"index":"index","follow":"follow","max-snippet":"max-snippet:-1","max-image-preview":"max-image-preview:large","max-video-preview":"max-video-preview:-1"},"canonical":"https:\/\/www.bytetravel.com\/en\/denuncias\/","og_locale":"en_GB","og_type":"article","og_title":"Denuncias - ByteTravel","og_description":"Canal de comunicaciones an\u00f3nimas de Bytetravel S.A Si ha detectado alguna actuaci\u00f3n negligente en el \u00e1mbito de la organizaci\u00f3n y tiene pruebas, desde aqu\u00ed lo puede comunicar de forma totalmente an\u00f3nima y segura. Comunicar problema Informe cualquier acci\u00f3n que considere contraria al C\u00f3digo de \u00c9tica y Conducta Comunicar problema Estado de incidencia Si ha realizado [&hellip;]","og_url":"https:\/\/www.bytetravel.com\/en\/denuncias\/","og_site_name":"ByteTravel","article_publisher":"https:\/\/www.facebook.com\/ByteTravel","twitter_card":"summary_large_image","twitter_site":"@ByteTravelSA","schema":{"@context":"https:\/\/schema.org","@graph":[{"@type":"WebPage","@id":"https:\/\/www.bytetravel.com\/denuncias\/","url":"https:\/\/www.bytetravel.com\/denuncias\/","name":"Denuncias - ByteTravel","isPartOf":{"@id":"https:\/\/www.bytetravel.com\/#website"},"datePublished":"2025-01-28T17:03:57+00:00","dateModified":"2025-01-28T17:03:57+00:00","breadcrumb":{"@id":"https:\/\/www.bytetravel.com\/denuncias\/#breadcrumb"},"inLanguage":"en-GB","potentialAction":[{"@type":"ReadAction","target":["https:\/\/www.bytetravel.com\/denuncias\/"]}]},{"@type":"BreadcrumbList","@id":"https:\/\/www.bytetravel.com\/denuncias\/#breadcrumb","itemListElement":[{"@type":"ListItem","position":1,"name":"Portada","item":"https:\/\/www.bytetravel.com\/"},{"@type":"ListItem","position":2,"name":"Denuncias"}]},{"@type":"WebSite","@id":"https:\/\/www.bytetravel.com\/#website","url":"https:\/\/www.bytetravel.com\/","name":"ByteTravel","description":"","publisher":{"@id":"https:\/\/www.bytetravel.com\/#organization"},"potentialAction":[{"@type":"SearchAction","target":{"@type":"EntryPoint","urlTemplate":"https:\/\/www.bytetravel.com\/?s={search_term_string}"},"query-input":"required name=search_term_string"}],"inLanguage":"en-GB"},{"@type":"Organization","@id":"https:\/\/www.bytetravel.com\/#organization","name":"ByteTravel S.A.","url":"https:\/\/www.bytetravel.com\/","logo":{"@type":"ImageObject","inLanguage":"en-GB","@id":"https:\/\/www.bytetravel.com\/#\/schema\/logo\/image\/","url":"https:\/\/www.bytetravel.com\/wp-content\/uploads\/2024\/07\/bytetravel-logo_icon-dark-blue-bg.png","contentUrl":"https:\/\/www.bytetravel.com\/wp-content\/uploads\/2024\/07\/bytetravel-logo_icon-dark-blue-bg.png","width":1000,"height":1000,"caption":"ByteTravel S.A."},"image":{"@id":"https:\/\/www.bytetravel.com\/#\/schema\/logo\/image\/"},"sameAs":["https:\/\/www.facebook.com\/ByteTravel","https:\/\/x.com\/ByteTravelSA","https:\/\/www.linkedin.com\/company\/bytetravel","https:\/\/www.instagram.com\/byte.travel\/"]}]}},"_links":{"self":[{"href":"https:\/\/www.bytetravel.com\/en\/wp-json\/wp\/v2\/pages\/1227","targetHints":{"allow":["GET"]}}],"collection":[{"href":"https:\/\/www.bytetravel.com\/en\/wp-json\/wp\/v2\/pages"}],"about":[{"href":"https:\/\/www.bytetravel.com\/en\/wp-json\/wp\/v2\/types\/page"}],"author":[{"embeddable":true,"href":"https:\/\/www.bytetravel.com\/en\/wp-json\/wp\/v2\/users\/8"}],"replies":[{"embeddable":true,"href":"https:\/\/www.bytetravel.com\/en\/wp-json\/wp\/v2\/comments?post=1227"}],"version-history":[{"count":1,"href":"https:\/\/www.bytetravel.com\/en\/wp-json\/wp\/v2\/pages\/1227\/revisions"}],"predecessor-version":[{"id":1229,"href":"https:\/\/www.bytetravel.com\/en\/wp-json\/wp\/v2\/pages\/1227\/revisions\/1229"}],"wp:attachment":[{"href":"https:\/\/www.bytetravel.com\/en\/wp-json\/wp\/v2\/media?parent=1227"}],"curies":[{"name":"wp","href":"https:\/\/api.w.org\/{rel}","templated":true}]}}